{"id":73177,"date":"2025-03-18T12:09:31","date_gmt":"2025-03-18T11:09:31","guid":{"rendered":"https:\/\/alkostar.hr\/dostava\/"},"modified":"2025-03-18T12:53:03","modified_gmt":"2025-03-18T11:53:03","slug":"dostava","status":"publish","type":"page","link":"https:\/\/alkostar.hr\/hr\/dostava\/","title":{"rendered":"Dostava"},"content":{"rendered":"\t\t<div data-elementor-type=\"wp-page\" data-elementor-id=\"73177\" class=\"elementor elementor-73177 elementor-73175\" data-elementor-post-type=\"page\">\n\t\t\t\t<div class=\"elementor-element elementor-element-bff6f3b e-flex e-con-boxed e-con e-parent\" data-id=\"bff6f3b\" data-element_type=\"container\">\n\t\t\t\t\t<div class=\"e-con-inner\">\n\t\t\t\t<div class=\"elementor-element elementor-element-00a26e1 elementor-widget elementor-widget-text-editor\" data-id=\"00a26e1\" data-element_type=\"widget\" data-widget_type=\"text-editor.default\">\n\t\t\t\t<div class=\"elementor-widget-container\">\n\t\t\t\t\t\t\t<p><span style=\"font-family: var( --e-global-typography-text-font-family ), Sans-serif; font-weight: var( --e-global-typography-text-font-weight ); text-align: var(--text-align); font-size: 1rem;\">Prodavatelj naru\u010dene proizvode dostavlja putem prijevoznika DPD Croatia d.o.o. (<a href=\"https:\/\/www.dpd.com\/hr\/\">https:\/\/www.dpd.com\/hr\/<\/a>).<\/span><\/p><p>Za narud\u017ebe izvr\u0161ene radnim danima (od ponedjeljka do petka), Prodavatelj \u0107e isti ili sljede\u0107i dan obraditi narud\u017ebu i pripremiti za isporuku. Narud\u017ebe izvr\u0161ene vikendom, blagdanima i neradnim danima, obradit \u0107e se prvi sljede\u0107i radni dan.<\/p><p>Po izdavanju naloga za isporuku prijevozniku DPD Croatia d.o.o. od strane Prodavatelja, dostave se izvr\u0161avaju prema op\u0107im uvjetima prijevoznika u roku od 2-5 radnih dana od zaprimljenog naloga, u slu\u010daju kopnenih isporuka. Iznimka su dostave na otoke i manja mjesta gdje vremena dostave mogu biti du\u017ea s obzirom na to da se ne vr\u0161i svakodnevna dostava te se izvr\u0161ava prema op\u0107im uvjetima prijevoznika i njihovom rasporedu dostava. Prodavatelj nije odgovoran za eventualno ka\u0161njenje isporuke paketa putem dostavne slu\u017ebe i na\u017ealost ne mo\u017ee utjecati na to\u010dan termin dostave.<\/p><p>Dostava se vr\u0161i do ulaza u stambenu jedinicu (stan, ku\u0107u, poslovni prostor i sli\u010dno) na adresi koju je Kupac nazna\u010dio, a istu je mogu\u0107e organizirati isklju\u010divo na podru\u010dju Republike Hrvatske.<\/p><p>Tro\u0161ak dostave unutar Hrvatske (osim otoka koji nisu povezani mostom):\u00a0<span style=\"font-family: var( --e-global-typography-text-font-family ), Sans-serif; font-weight: var( --e-global-typography-text-font-weight ); text-align: var(--text-align); font-size: 1rem;\">Pojedina\u010dne narud\u017ebe u iznosu jednakom ili ve\u0107em od 50,00 EUR, osim za otoke koji s kopnom nisu povezani mostom, Prodavatelj dostavlja besplatno odnosno ne obra\u010dunavaju\u0107i tro\u0161ak dostave.<\/span><\/p><p>Dostava pojedina\u010dnih narud\u017ebi \u010diji je iznos jednak ili manji od 49,99 EUR napla\u0107uje se po cijeni od 5,00 EUR. U tom slu\u010daju, stavka tro\u0161ka dostave sastavni je dio ukupne ponude kupcu.<\/p><p>Naru\u010deni proizvodi bit \u0107e pakirani tako da se uobi\u010dajenim rukovanjem prilikom transporta ne mogu o\u0161tetiti. Kupac se savjetuje da prije preuzimanja pregleda po\u0161iljku, a eventualna vidljiva o\u0161te\u0107enja odmah prijavi te odbije primiti o\u0161te\u0107enu po\u0161iljku.<\/p><p>Kupac je obvezan prilikom preuzimanja robe potpisati otpremnicu ili dostavnicu koju dostavlja\u010d uzima kao potvrdu o preuzimanju. Prihvat robe potpisuje osoba koja je nazna\u010dena kao Kupac prilikom naru\u010divanja. Ukoliko bilo koja druga osoba preuzme robu na lokaciji, smatrat \u0107e se da je dostava uredno izvr\u0161ena.<\/p><p>U slu\u010daju da Kupac robu ne zaprimi u dogovorenom roku, o tome treba obavijestiti Prodavatelja \u0161to je prije mogu\u0107e e-mailom ili telefonom.<\/p>\t\t\t\t\t\t<\/div>\n\t\t\t\t<\/div>\n\t\t\t\t\t<\/div>\n\t\t\t\t<\/div>\n\t\t\t\t<\/div>\n\t\t","protected":false},"excerpt":{"rendered":"<p>Prodavatelj naru\u010dene proizvode dostavlja putem prijevoznika DPD Croatia d.o.o. (https:\/\/www.dpd.com\/hr\/). Za narud\u017ebe izvr\u0161ene radnim danima (od ponedjeljka do petka), Prodavatelj \u0107e isti ili sljede\u0107i dan obraditi narud\u017ebu i pripremiti za isporuku. Narud\u017ebe izvr\u0161ene vikendom, blagdanima i neradnim danima, obradit \u0107e se prvi sljede\u0107i radni dan. Po izdavanju naloga za isporuku prijevozniku DPD Croatia d.o.o. od [&hellip;]<\/p>\n","protected":false},"author":2,"featured_media":0,"parent":0,"menu_order":0,"comment_status":"closed","ping_status":"closed","template":"","meta":{"footnotes":""},"class_list":["post-73177","page","type-page","status-publish","hentry"],"_links":{"self":[{"href":"https:\/\/alkostar.hr\/hr\/wp-json\/wp\/v2\/pages\/73177","targetHints":{"allow":["GET"]}}],"collection":[{"href":"https:\/\/alkostar.hr\/hr\/wp-json\/wp\/v2\/pages"}],"about":[{"href":"https:\/\/alkostar.hr\/hr\/wp-json\/wp\/v2\/types\/page"}],"author":[{"embeddable":true,"href":"https:\/\/alkostar.hr\/hr\/wp-json\/wp\/v2\/users\/2"}],"replies":[{"embeddable":true,"href":"https:\/\/alkostar.hr\/hr\/wp-json\/wp\/v2\/comments?post=73177"}],"version-history":[{"count":9,"href":"https:\/\/alkostar.hr\/hr\/wp-json\/wp\/v2\/pages\/73177\/revisions"}],"predecessor-version":[{"id":73195,"href":"https:\/\/alkostar.hr\/hr\/wp-json\/wp\/v2\/pages\/73177\/revisions\/73195"}],"wp:attachment":[{"href":"https:\/\/alkostar.hr\/hr\/wp-json\/wp\/v2\/media?parent=73177"}],"curies":[{"name":"wp","href":"https:\/\/api.w.org\/{rel}","templated":true}]}}