{"id":25014,"date":"2020-01-13T06:50:18","date_gmt":"2020-01-13T05:50:18","guid":{"rendered":"https:\/\/alkostar.hr\/o-nama\/"},"modified":"2024-11-14T15:07:02","modified_gmt":"2024-11-14T14:07:02","slug":"o-nama","status":"publish","type":"page","link":"https:\/\/alkostar.hr\/hr\/o-nama\/","title":{"rendered":"O nama"},"content":{"rendered":"\t\t<div data-elementor-type=\"wp-page\" data-elementor-id=\"25014\" class=\"elementor elementor-25014 elementor-9095\" data-elementor-post-type=\"page\">\n\t\t\t\t\t\t<section class=\"elementor-section elementor-top-section elementor-element elementor-element-9697f8e elementor-section-content-middle elementor-section-boxed elementor-section-height-default elementor-section-height-default\" data-id=\"9697f8e\" data-element_type=\"section\">\n\t\t\t\t\t\t<div class=\"elementor-container elementor-column-gap-default\">\n\t\t\t\t\t<div class=\"elementor-column elementor-col-100 elementor-top-column elementor-element elementor-element-9384f0a\" data-id=\"9384f0a\" data-element_type=\"column\">\n\t\t\t<div class=\"elementor-widget-wrap elementor-element-populated\">\n\t\t\t\t\t\t<div class=\"elementor-element elementor-element-36b7ca6 elementor-widget elementor-widget-heading\" data-id=\"36b7ca6\" data-element_type=\"widget\" data-widget_type=\"heading.default\">\n\t\t\t\t<div class=\"elementor-widget-container\">\n\t\t\t<h2 class=\"elementor-heading-title elementor-size-default\">O NAMA<\/h2>\t\t<\/div>\n\t\t\t\t<\/div>\n\t\t\t\t<div class=\"elementor-element elementor-element-99882bd elementor-widget__width-initial elementor-widget elementor-widget-text-editor\" data-id=\"99882bd\" data-element_type=\"widget\" data-widget_type=\"text-editor.default\">\n\t\t\t\t<div class=\"elementor-widget-container\">\n\t\t\t\t\t\t\t<p>U na\u0161oj tvrtki Alkostar predani smo pru\u017eanju \u0161irokog asortimana alkoholnih i bezalkoholnih pi\u0107a u Hrvatskoj, Njema\u010dkoj i Skandinaviji kako bismo zadovoljili razli\u010dite potrebe na\u0161ih kupaca. S fokusom na kvalitetu i zadovoljstvo kupaca, svoje proizvode nudimo u maloprodaji putem na\u0161e internetske trgovine i putem veleprodajne distribucije za tvrtke poput hotela, barova i trgovina. Na\u0161 tim spaja godine iskustva sa stra\u0161\u0107u, osiguravaju\u0107i da na\u0161i klijenti, bilo pojedina\u010dni kupci ili veleprodajni partneri, dobiju iznimnu uslugu i pa\u017eljivo odabran izbor proizvoda za svaku potrebu kupca.<\/p>\t\t\t\t\t\t<\/div>\n\t\t\t\t<\/div>\n\t\t\t\t\t<\/div>\n\t\t<\/div>\n\t\t\t\t\t<\/div>\n\t\t<\/section>\n\t\t\t\t<\/div>\n\t\t","protected":false},"excerpt":{"rendered":"<p>O NAMA U na\u0161oj tvrtki Alkostar predani smo pru\u017eanju \u0161irokog asortimana alkoholnih i bezalkoholnih pi\u0107a u Hrvatskoj, Njema\u010dkoj i Skandinaviji kako bismo zadovoljili razli\u010dite potrebe na\u0161ih kupaca. S fokusom na kvalitetu i zadovoljstvo kupaca, svoje proizvode nudimo u maloprodaji putem na\u0161e internetske trgovine i putem veleprodajne distribucije za tvrtke poput hotela, barova i trgovina. Na\u0161 [&hellip;]<\/p>\n","protected":false},"author":2,"featured_media":0,"parent":0,"menu_order":0,"comment_status":"closed","ping_status":"closed","template":"","meta":{"footnotes":""},"class_list":["post-25014","page","type-page","status-publish","hentry"],"_links":{"self":[{"href":"https:\/\/alkostar.hr\/hr\/wp-json\/wp\/v2\/pages\/25014","targetHints":{"allow":["GET"]}}],"collection":[{"href":"https:\/\/alkostar.hr\/hr\/wp-json\/wp\/v2\/pages"}],"about":[{"href":"https:\/\/alkostar.hr\/hr\/wp-json\/wp\/v2\/types\/page"}],"author":[{"embeddable":true,"href":"https:\/\/alkostar.hr\/hr\/wp-json\/wp\/v2\/users\/2"}],"replies":[{"embeddable":true,"href":"https:\/\/alkostar.hr\/hr\/wp-json\/wp\/v2\/comments?post=25014"}],"version-history":[{"count":14,"href":"https:\/\/alkostar.hr\/hr\/wp-json\/wp\/v2\/pages\/25014\/revisions"}],"predecessor-version":[{"id":71349,"href":"https:\/\/alkostar.hr\/hr\/wp-json\/wp\/v2\/pages\/25014\/revisions\/71349"}],"wp:attachment":[{"href":"https:\/\/alkostar.hr\/hr\/wp-json\/wp\/v2\/media?parent=25014"}],"curies":[{"name":"wp","href":"https:\/\/api.w.org\/{rel}","templated":true}]}}